{"id":2,"date":"2020-11-20T11:55:36","date_gmt":"2020-11-20T11:55:36","guid":{"rendered":"http:\/\/tomalski.eu\/?page_id=2"},"modified":"2021-12-17T14:53:37","modified_gmt":"2021-12-17T14:53:37","slug":"prawo-ciebie","status":"publish","type":"page","link":"https:\/\/tomalski.eu\/index.php\/prawo-ciebie\/","title":{"rendered":""},"content":{"rendered":"<p><img width=\"498\" height=\"201\" src=\"http:\/\/tomalski.eu\/wp-content\/uploads\/2020\/04\/mateusz-tomalski-2-1.png\" alt=\"\" loading=\"lazy\" srcset=\"http:\/\/tomalski.eu\/wp-content\/uploads\/2020\/04\/mateusz-tomalski-2-1.png 498w, http:\/\/tomalski.eu\/wp-content\/uploads\/2020\/04\/mateusz-tomalski-2-1-300x121.png 300w\" sizes=\"(max-width: 498px) 100vw, 498px\"><br \/>\n<a href=\"#praw-cie\" role=\"button\"><br \/>\nprawo dla ciebie<br \/>\n<\/a><\/p>\n<h2>POST\u0118POWANIA S\u0104DOWE<\/h2>\n<ul>\n<li>reprezentacja w sporach cywilnych i gospodarczych przed s\u0105dami wszystkich instancji;<\/li>\n<li>reprezentacja w post\u0119powaniach przed s\u0105dami administracyjnymi;<\/li>\n<li>reprezentacja w sprawach z zakresu prawa pracy;<\/li>\n<li>reprezentacja w post\u0119powaniach upad\u0142o\u015bciowych;<\/li>\n<li>reprezentacja w post\u0119powaniach arbitra\u017cowych;<\/li>\n<li>reprezentacja w post\u0119powaniach przed UOKiK.<\/li>\n<\/ul>\n<h2>SPRAWY<br \/>\nO ZAP\u0141AT\u0118<\/h2>\n<ul>\n<li>kompleksowa obs\u0142uga na etapie post\u0119powania przeds\u0105dowego (wezwania do zap\u0142aty);<\/li>\n<li>sporz\u0105dzanie pozw\u00f3w, w tym o wydanie nakazu zap\u0142aty w post\u0119powaniu upominawczym, uproszczonym i nakazowym;<\/li>\n<li>reprezentacja Klient\u00f3w na Sali rozpraw.<\/li>\n<\/ul>\n<h2>WINDYKACJA<br \/>\nNALE\u017bNO\u015aCI<\/h2>\n<ul>\n<li>reprezentowanie wierzycieli w post\u0119powaniach egzekucyjnych;<\/li>\n<li>po\u015brednictwo w kontaktach z d\u0142u\u017cnikami;<\/li>\n<li>consulting w sprawach dotycz\u0105cych efektywnego odzyskiwania nale\u017cno\u015bci.<\/li>\n<\/ul>\n<h2>UMOWY<\/h2>\n<ul>\n<li>kompleksowe us\u0142ugi w zakresie sporz\u0105dzania, negocjowania i opiniowania wszelkich um\u00f3w wyst\u0119puj\u0105cych w obrocie gospodarczym, jak np. sprzeda\u017c, najem, leasing, zlecenie, umowa o dzie\u0142o przeniesienie praw autorskich, umowa przelewu wierzytelno\u015bci, przej\u0119cie d\u0142ugu.<\/li>\n<\/ul>\n<h2>PRAWO<br \/>\nPRACY<\/h2>\n<ul>\n<li>sporz\u0105dzanie um\u00f3w o prac\u0119 oraz wsparcie w procesie nawi\u0105zywania stosunku pracy;<\/li>\n<li>kompleksowe wsparcie przedsi\u0119biorc\u00f3w w zakresie polityki kadrowej;<\/li>\n<li>doradztwo przy rozwi\u0105zywaniu um\u00f3w o prac\u0119;<\/li>\n<li>reprezentacja w post\u0119powaniach s\u0105dowych z zakresu prawa pracy.<\/li>\n<\/ul>\n<h2>SPRAWY<br \/>\nSPADKOWE<\/h2>\n<ul>\n<li>sprawy dotycz\u0105ce dziedziczenia ustawowego oraz testamentowego;<\/li>\n<li>post\u0119powania w przedmiocie stwierdzenia nabycia spadku;<\/li>\n<li>post\u0119powania dotycz\u0105ce uniewa\u017cnienia testamentu;<\/li>\n<li>post\u0119powania o dzia\u0142 spadku;<\/li>\n<li>post\u0119powania o zachowek;<\/li>\n<li>post\u0119powania o uznanie spadkobiercy za niegodnego;<\/li>\n<li>pomoc w uzyskaniu notarialnego po\u015bwiadczenia dziedziczenia.<\/li>\n<\/ul>\n<h2>PRAWO<br \/>\nRODZINNE<\/h2>\n<ul>\n<li>sprawy o rozw\u00f3d i separacj\u0119;<\/li>\n<li>sprawy o podzia\u0142 maj\u0105tku ma\u0142\u017ce\u0144skiego;<\/li>\n<li>sprawy o alimenty;<\/li>\n<li>reprezentacja w sprawach dotycz\u0105cych w\u0142adzy rodzicielskiej \u2013 wykonywania w\u0142adzy rodzicielskiej, pozbawienia, ograniczenia i rozstrzygania o istotnych sprawach dziecka oraz w sprawach dotycz\u0105cych ustalania, wykonywania i egzekwowania kontakt\u00f3w z dzie\u0107mi;<\/li>\n<li>sporz\u0105dzanie projekt\u00f3w um\u00f3w maj\u0105tkowych ma\u0142\u017ce\u0144skich (intercyzy).<\/li>\n<\/ul>\n<h2>PRAWO<br \/>\nKARNE<\/h2>\n<ul>\n<li>obrona interes\u00f3w oskar\u017conego zar\u00f3wno na etapie post\u0119powania przygotowawczego &#8211; przed Policj\u0105 i w Prokuraturze, a tak\u017ce na etapie s\u0105dowego we wszystkich instancjach;<\/li>\n<li>obrona obwinionych w post\u0119powaniu w sprawach o wykroczenia;<\/li>\n<li>obrona skazanych w post\u0119powaniu wykonawczym po uprawomocnieniu si\u0119 wyroku (w szczeg\u00f3lno\u015bci sporz\u0105dzanie wniosk\u00f3w i za\u017cale\u0144 w sprawach o odroczenie wykonania kary, przedterminowe warunkowe zwolnienie i przerw\u0119 w wykonaniu kary;<\/li>\n<li>reprezentacja pokrzywdzonego;<\/li>\n<li>dochodzenie roszcze\u0144 w post\u0119powaniu karnym;<\/li>\n<li>sprawy dotycz\u0105ce opieki nad dzie\u0107mi;<\/li>\n<li>sporz\u0105dzanie zawiadomie\u0144 o pope\u0142nieniu przest\u0119pstwa oraz akt\u00f3w oskar\u017cenia w sprawach prywatnoskargowych.<\/li>\n<\/ul>\n<h2>PRAWO<br \/>\nADMINISTRACYJNE<\/h2>\n<ul>\n<li>reprezentacja w post\u0119powaniach administracyjnych przed organami administracji publicznej i samorz\u0105dowej;<\/li>\n<li>prowadzenie post\u0119powa\u0144 przed Wojew\u00f3dzkimi S\u0105dami Administracyjnymi i Naczelnym S\u0105dem Administracyjnym;<\/li>\n<li>wyst\u0119powanie w post\u0119powaniach podatkowych przed urz\u0119dami skarbowymi i izbami skarbowymi, w tym uzyskiwania interpretacji podatkowych;<\/li>\n<li>uzyskiwanie decyzji administracyjnych (np. o warunkach zabudowy i zagospodarowania terenu, pozwolenia na budow\u0119, czy pozwolenia na u\u017cytkowanie obiektu budowlanego);<\/li>\n<li>uzyskiwanie zezwole\u0144, licencji, koncesji niezb\u0119dnych do prowadzenia dzia\u0142alno\u015bci zawodowej lub dzia\u0142alno\u015bci gospodarczej;<\/li>\n<li>sporz\u0105dzanie pism, wniosk\u00f3w, odwo\u0142a\u0144, skarg do organ\u00f3w administracji publicznej i samorz\u0105dowej lub s\u0105d\u00f3w administracyjnych.<\/li>\n<\/ul>\n<h2>ZAPRASZAM DO KONTAKTU<\/h2>\n<p>Zapraszam do niezobowi\u0105zuj\u0105cych konsultacji telefonicznych, kt\u00f3re mam nadziej\u0119 przekonaj\u0105 Ci\u0119 do skorzystania z moich us\u0142ug. Mo\u017cliwe jest tak\u017ce um\u00f3wienie si\u0119 na porad\u0119 prawn\u0105 w dogodnym dla Ciebie miejscu oraz terminie za po\u015brednictwem poczty e-mail.<\/p>\n<ul>\n<li>\n\t\t\t\t\t\t\t\t\t\t97-500 Radomsko, ul. Pi\u0142sudskiego 4<br \/>\n42-256 Olsztyn, ul. Ko\u015bcielna 6<br \/>\n03-429 Warszawa, ul. Stalowa 58<\/li>\n<li>\n\t\t\t\t\t\t\t\t\t\t+ 48 695 853 137<\/li>\n<li>\n\t\t\t\t\t\t\t\t\t\tPoniedzia\u0142ek-Sobota 8:00-18:00<\/li>\n<\/ul>\n<p><iframe frameborder=\"0\" scrolling=\"no\" marginheight=\"0\" marginwidth=\"0\" src=\"https:\/\/maps.google.com\/maps?q=97-500%20Radomsko%2C%20ul.%20Pi%C5%82sudskiego%204&amp;t=m&amp;z=10&amp;output=embed&amp;iwloc=near\" title=\"97-500 Radomsko, ul. Pi\u0142sudskiego 4\" aria-label=\"97-500 Radomsko, ul. Pi\u0142sudskiego 4\"><\/iframe><br \/>\n<iframe frameborder=\"0\" scrolling=\"no\" marginheight=\"0\" marginwidth=\"0\" src=\"https:\/\/maps.google.com\/maps?q=42-256%20Olsztyn%2C%20ul.%20Ko%C5%9Bcielna%206&amp;t=m&amp;z=10&amp;output=embed&amp;iwloc=near\" title=\"42-256 Olsztyn, ul. Ko\u015bcielna 6\" aria-label=\"42-256 Olsztyn, ul. Ko\u015bcielna 6\"><\/iframe><br \/>\n<iframe frameborder=\"0\" scrolling=\"no\" marginheight=\"0\" marginwidth=\"0\" src=\"https:\/\/maps.google.com\/maps?q=03-429%20Warszawa%2C%20ul.%20Stalowa%2058&amp;t=m&amp;z=10&amp;output=embed&amp;iwloc=near\" title=\"03-429 Warszawa, ul. Stalowa 58\" aria-label=\"03-429 Warszawa, ul. Stalowa 58\"><\/iframe><\/p>\n","protected":false},"excerpt":{"rendered":"<p>prawo dla ciebie POST\u0118POWANIA S\u0104DOWE reprezentacja w sporach cywilnych i gospodarczych przed s\u0105dami wszystkich instancji; reprezentacja w post\u0119powaniach przed s\u0105dami administracyjnymi; reprezentacja w sprawach z zakresu prawa pracy; reprezentacja w post\u0119powaniach upad\u0142o\u015bciowych; reprezentacja w post\u0119powaniach arbitra\u017cowych; reprezentacja w post\u0119powaniach przed UOKiK. SPRAWY O ZAP\u0141AT\u0118 kompleksowa obs\u0142uga na etapie post\u0119powania przeds\u0105dowego (wezwania do zap\u0142aty); sporz\u0105dzanie pozw\u00f3w, &hellip;<\/p>\n<p class=\"read-more\"> <a class=\"\" href=\"https:\/\/tomalski.eu\/index.php\/prawo-ciebie\/\">  Read More &raquo;<\/a><\/p>\n","protected":false},"author":1,"featured_media":0,"parent":0,"menu_order":0,"comment_status":"closed","ping_status":"open","template":"","meta":[],"_links":{"self":[{"href":"https:\/\/tomalski.eu\/index.php\/wp-json\/wp\/v2\/pages\/2"}],"collection":[{"href":"https:\/\/tomalski.eu\/index.php\/wp-json\/wp\/v2\/pages"}],"about":[{"href":"https:\/\/tomalski.eu\/index.php\/wp-json\/wp\/v2\/types\/page"}],"author":[{"embeddable":true,"href":"https:\/\/tomalski.eu\/index.php\/wp-json\/wp\/v2\/users\/1"}],"replies":[{"embeddable":true,"href":"https:\/\/tomalski.eu\/index.php\/wp-json\/wp\/v2\/comments?post=2"}],"version-history":[{"count":109,"href":"https:\/\/tomalski.eu\/index.php\/wp-json\/wp\/v2\/pages\/2\/revisions"}],"predecessor-version":[{"id":1742,"href":"https:\/\/tomalski.eu\/index.php\/wp-json\/wp\/v2\/pages\/2\/revisions\/1742"}],"wp:attachment":[{"href":"https:\/\/tomalski.eu\/index.php\/wp-json\/wp\/v2\/media?parent=2"}],"curies":[{"name":"wp","href":"https:\/\/api.w.org\/{rel}","templated":true}]}}